{"id":760,"date":"2024-06-26T16:53:35","date_gmt":"2024-06-26T13:53:35","guid":{"rendered":"https:\/\/www.tapahtumatehdasvakava.fi\/?page_id=760"},"modified":"2025-06-06T14:25:06","modified_gmt":"2025-06-06T11:25:06","slug":"epic-fail","status":"publish","type":"page","link":"https:\/\/www.tapahtumatehdasvakava.fi\/?page_id=760","title":{"rendered":"Sis\u00e4piiri"},"content":{"rendered":"\n<h2 class=\"wp-block-heading has-text-align-center has-theme-palette-5-color has-text-color has-link-color wp-elements-4a9f316085aa0936ba884e645a18d02f\" style=\"font-size:60px\">tervetuloa vakavan sis\u00e4piiriin<\/h2>\n\n\n<style>.wp-block-kadence-spacer.kt-block-spacer-760_c5f205-8f .kt-block-spacer{height:40px;}.wp-block-kadence-spacer.kt-block-spacer-760_c5f205-8f .kt-divider{border-top-width:1px;height:1px;border-top-color:#eee;width:80%;border-top-style:solid;}<\/style>\n<div class=\"wp-block-kadence-spacer aligncenter kt-block-spacer-760_c5f205-8f\"><div class=\"kt-block-spacer kt-block-spacer-halign-center\"><hr class=\"kt-divider\"\/><\/div><\/div>\n\n\n<style>.kb-row-layout-id760_61db7e-65 > .kt-row-column-wrap{align-content:start;}:where(.kb-row-layout-id760_61db7e-65 > .kt-row-column-wrap) > .wp-block-kadence-column{justify-content:start;}.kb-row-layout-id760_61db7e-65 > .kt-row-column-wrap{column-gap:var(--global-kb-gap-md, 2rem);row-gap:var(--global-kb-gap-md, 2rem);max-width:960px;margin-left:auto;margin-right:auto;padding-top:var(--global-kb-spacing-xl, 4rem);padding-bottom:var(--global-kb-spacing-lg, 3rem);grid-template-columns:minmax(0, 1fr);}.kb-row-layout-id760_61db7e-65 > .kt-row-layout-overlay{opacity:0.30;}@media all and (max-width: 1024px){.kb-row-layout-id760_61db7e-65 > .kt-row-column-wrap{grid-template-columns:minmax(0, 1fr);}}@media all and (max-width: 767px){.kb-row-layout-id760_61db7e-65 > .kt-row-column-wrap{grid-template-columns:minmax(0, 1fr);}}<\/style><div class=\"kb-row-layout-wrap kb-row-layout-id760_61db7e-65 alignfull has-theme-palette9-background-color kt-row-has-bg wp-block-kadence-rowlayout\"><div class=\"kt-row-column-wrap kt-has-1-columns kt-row-layout-equal kt-tab-layout-inherit kt-mobile-layout-row kt-row-valign-top\">\n<style>.kadence-column760_140092-2f > .kt-inside-inner-col{display:flex;}.kadence-column760_140092-2f > .kt-inside-inner-col,.kadence-column760_140092-2f > .kt-inside-inner-col:before{border-top-left-radius:0px;border-top-right-radius:0px;border-bottom-right-radius:0px;border-bottom-left-radius:0px;}.kadence-column760_140092-2f > .kt-inside-inner-col{column-gap:var(--global-kb-gap-sm, 1rem);}.kadence-column760_140092-2f > .kt-inside-inner-col{flex-direction:column;align-items:center;}.kadence-column760_140092-2f > .kt-inside-inner-col > .kb-image-is-ratio-size{align-self:stretch;}.kadence-column760_140092-2f > .kt-inside-inner-col > .wp-block-kadence-advancedgallery{align-self:stretch;}.kadence-column760_140092-2f > .kt-inside-inner-col > .aligncenter{width:100%;}.kadence-column760_140092-2f > .kt-inside-inner-col:before{opacity:0.3;}.kadence-column760_140092-2f{position:relative;}@media all and (max-width: 1024px){.kadence-column760_140092-2f > .kt-inside-inner-col{flex-direction:column;justify-content:center;align-items:center;}}@media all and (max-width: 767px){.kadence-column760_140092-2f > .kt-inside-inner-col{flex-direction:column;justify-content:center;align-items:center;}}<\/style>\n<div class=\"wp-block-kadence-column kadence-column760_140092-2f inner-column-1\"><div class=\"kt-inside-inner-col\"><style>.wp-block-kadence-advancedheading.kt-adv-heading760_e4d735-b0, .wp-block-kadence-advancedheading.kt-adv-heading760_e4d735-b0[data-kb-block=\"kb-adv-heading760_e4d735-b0\"]{margin-top:0px;margin-bottom:0px;text-align:center;font-size:18px;line-height:1.4;font-style:normal;}.wp-block-kadence-advancedheading.kt-adv-heading760_e4d735-b0 mark.kt-highlight, .wp-block-kadence-advancedheading.kt-adv-heading760_e4d735-b0[data-kb-block=\"kb-adv-heading760_e4d735-b0\"] mark.kt-highlight{font-style:normal;color:#f76a0c;-webkit-box-decoration-break:clone;box-decoration-break:clone;padding-top:0px;padding-right:0px;padding-bottom:0px;padding-left:0px;}.wp-block-kadence-advancedheading.kt-adv-heading760_e4d735-b0 img.kb-inline-image, .wp-block-kadence-advancedheading.kt-adv-heading760_e4d735-b0[data-kb-block=\"kb-adv-heading760_e4d735-b0\"] img.kb-inline-image{width:150px;vertical-align:baseline;}@media all and (max-width: 1024px){.wp-block-kadence-advancedheading.kt-adv-heading760_e4d735-b0, .wp-block-kadence-advancedheading.kt-adv-heading760_e4d735-b0[data-kb-block=\"kb-adv-heading760_e4d735-b0\"]{font-size:36px;line-height:1.3;}}@media all and (max-width: 767px){.wp-block-kadence-advancedheading.kt-adv-heading760_e4d735-b0, .wp-block-kadence-advancedheading.kt-adv-heading760_e4d735-b0[data-kb-block=\"kb-adv-heading760_e4d735-b0\"]{font-size:28px;line-height:1.3;}}<\/style>\n<p class=\"kt-adv-heading760_e4d735-b0 wp-block-kadence-advancedheading has-theme-palette-5-color has-text-color\" data-kb-block=\"kb-adv-heading760_e4d735-b0\">Liity Vakavan s\u00e4hk\u00f6postilistalle. Liittymislahjana saat vakavaakin vakavamman Epic Fail! -oppaamme.<\/p>\n<\/div><\/div>\n\n<\/div><\/div>\n\n\n                <div class=\"ml-embedded\" data-form=\"2Q5rMC\"><\/div>\n            \n\n\n<style>.wp-block-kadence-spacer.kt-block-spacer-760_a758ca-ce .kt-block-spacer{height:20px;}.wp-block-kadence-spacer.kt-block-spacer-760_a758ca-ce .kt-divider{border-top-width:1px;height:1px;border-top-color:#eee;width:80%;border-top-style:solid;}<\/style>\n<div class=\"wp-block-kadence-spacer aligncenter kt-block-spacer-760_a758ca-ce\"><div class=\"kt-block-spacer kt-block-spacer-halign-center\"><hr class=\"kt-divider\"\/><\/div><\/div>\n\n\n\n<p class=\"has-text-align-center has-theme-palette-5-color has-text-color has-link-color has-small-font-size wp-elements-e0346d23325077cbaf6115f91c60ec8b\">Liittym\u00e4ll\u00e4 hyv\u00e4ksyt tietosuojak\u00e4yt\u00e4nt\u00f6mme. Lue seloste <a href=\"https:\/\/www.tapahtumatehdasvakava.fi\/?page_id=3\">t\u00e4\u00e4lt\u00e4<\/a>.<\/p>\n\n\n\n<div class=\"wp-block-columns is-layout-flex wp-container-core-columns-is-layout-9d6595d7 wp-block-columns-is-layout-flex\">\n<div class=\"wp-block-column is-vertically-aligned-center is-layout-flow wp-block-column-is-layout-flow\" style=\"flex-basis:33.34%\">\n<blockquote class=\"wp-block-quote has-text-align-center is-layout-flow wp-block-quote-is-layout-flow\">\n<p class=\"has-text-align-center has-theme-palette-5-color has-text-color has-link-color wp-elements-90f6f5f5ec737d09af3c2bd6287429c2\"><\/p>\n<\/blockquote>\n<\/div>\n\n\n\n<div class=\"wp-block-column is-vertically-aligned-top is-layout-flow wp-block-column-is-layout-flow\" style=\"flex-basis:33.34%\">\n<figure class=\"wp-block-pullquote has-text-align-center has-theme-palette-5-color has-text-color has-link-color wp-elements-e7c2d84b318840fc2ee5bd4bd9f91972\" style=\"margin-top:0;margin-bottom:0;padding-bottom:var(--wp--preset--spacing--40)\"><blockquote><p>Ainoa meili,<br>jota odotan!!!<\/p><cite>Lukijapalaute<\/cite><\/blockquote><\/figure>\n<\/div>\n\n\n\n<div class=\"wp-block-column is-vertically-aligned-top is-layout-flow wp-block-column-is-layout-flow\" style=\"flex-basis:33.33%\"><\/div>\n<\/div>\n\n\n\n<div class=\"wp-block-columns is-layout-flex wp-container-core-columns-is-layout-9d6595d7 wp-block-columns-is-layout-flex\">\n<div class=\"wp-block-column is-vertically-aligned-center is-layout-flow wp-block-column-is-layout-flow\" style=\"flex-basis:33.34%\">\n<blockquote class=\"wp-block-quote has-text-align-center is-layout-flow wp-block-quote-is-layout-flow\">\n<p class=\"has-text-align-center has-theme-palette-5-color has-text-color has-link-color wp-elements-90f6f5f5ec737d09af3c2bd6287429c2\"><\/p>\n<\/blockquote>\n<\/div>\n\n\n\n<div class=\"wp-block-column is-vertically-aligned-top is-layout-flow wp-block-column-is-layout-flow\" style=\"flex-basis:33.34%\">\n<p class=\"has-text-align-center\">Haluatko sin\u00e4kin tiet\u00e4\u00e4, mit\u00e4 n\u00e4m\u00e4 odotetut (tai odottamattomat) viestit sis\u00e4lt\u00e4v\u00e4t? Liity listalle yll\u00e4 olevalla lomakkeella.<\/p>\n\n\n\n<p class=\"has-text-align-center\">T\u00e4m\u00e4 s\u00e4hk\u00f6postilista on sinulle, jos:<\/p>\n\n\n\n<ul class=\"wp-block-list\">\n<li>Kaipaat inspiraatiota ty\u00f6p\u00e4iviisi.<\/li>\n\n\n\n<li>Olet kiinnostunut ty\u00f6el\u00e4m\u00e4n asioista ja ilmi\u00f6ist\u00e4.<\/li>\n\n\n\n<li>Kaipaat kiinnostavia asiasis\u00e4lt\u00f6j\u00e4 ei-puisevassa muodossa.<\/li>\n\n\n\n<li>Olet jollain tavalla osallisena ty\u00f6paikkasi tapahtumissa.<\/li>\n\n\n\n<li>Haluat vinkkej\u00e4 ja n\u00e4k\u00f6kulmia yritystapahtumiin liittyen.<\/li>\n\n\n\n<li>Olet utelias ja haluat kuulua vakavaan joukkoon!<\/li>\n<\/ul>\n\n\n\n<p class=\"has-text-align-center\"><strong>Tervetuloa mukaan!<\/strong><\/p>\n\n\n\n<p class=\"has-text-align-center\">P.S. Voit lopettaa tilauksen milloin tahansa, jos t\u00e4m\u00e4 ei olekaan sinun juttusi.<\/p>\n<\/div>\n\n\n\n<div class=\"wp-block-column is-vertically-aligned-top is-layout-flow wp-block-column-is-layout-flow\" style=\"flex-basis:33.33%\"><\/div>\n<\/div>\n\n\n\n<div class=\"wp-block-columns is-layout-flex wp-container-core-columns-is-layout-9d6595d7 wp-block-columns-is-layout-flex\">\n<div class=\"wp-block-column is-vertically-aligned-center is-layout-flow wp-block-column-is-layout-flow\" style=\"flex-basis:33.34%\">\n<blockquote class=\"wp-block-quote has-text-align-center is-layout-flow wp-block-quote-is-layout-flow\">\n<p class=\"has-text-align-center has-theme-palette-5-color has-text-color has-link-color wp-elements-90f6f5f5ec737d09af3c2bd6287429c2\"><\/p>\n<\/blockquote>\n<\/div>\n\n\n\n<div class=\"wp-block-column is-vertically-aligned-top is-layout-flow wp-block-column-is-layout-flow\" style=\"flex-basis:33.34%\">\n<figure class=\"wp-block-pullquote has-text-align-center has-theme-palette-5-color has-text-color has-link-color has-medium-font-size wp-elements-1e20b293319193044138c6951513d397\" style=\"margin-top:0;margin-bottom:0;padding-bottom:var(--wp--preset--spacing--40)\"><blockquote><p>Tilaan muutamia uutiskirjeit\u00e4 ja Vakava on niist\u00e4 kaikista aivan ehdottomasti paras. N\u00e4it\u00e4 lukee oikein mielell\u00e4\u00e4n ja loppuun saakka. En todellakaan lue kaikkien uutiskirjeit\u00e4 alkua pidemm\u00e4lle.<\/p><cite>Lukijapalaute<\/cite><\/blockquote><\/figure>\n<\/div>\n\n\n\n<div class=\"wp-block-column is-vertically-aligned-top is-layout-flow wp-block-column-is-layout-flow\" style=\"flex-basis:33.33%\"><\/div>\n<\/div>\n\n\n<style>.wp-block-kadence-spacer.kt-block-spacer-760_ab2d62-f8 .kt-block-spacer{height:80px;}.wp-block-kadence-spacer.kt-block-spacer-760_ab2d62-f8 .kt-divider{border-top-width:1px;height:1px;border-top-color:#eee;width:80%;border-top-style:solid;}<\/style>\n<div class=\"wp-block-kadence-spacer aligncenter kt-block-spacer-760_ab2d62-f8\"><div class=\"kt-block-spacer kt-block-spacer-halign-center\"><hr class=\"kt-divider\"\/><\/div><\/div>\n","protected":false},"excerpt":{"rendered":"<p>tervetuloa vakavan sis\u00e4piiriin Liity Vakavan s\u00e4hk\u00f6postilistalle. Liittymislahjana saat vakavaakin vakavamman Epic Fail! -oppaamme. Liittym\u00e4ll\u00e4 hyv\u00e4ksyt tietosuojak\u00e4yt\u00e4nt\u00f6mme. Lue seloste t\u00e4\u00e4lt\u00e4. Ainoa meili,jota odotan!!! Lukijapalaute Haluatko sin\u00e4kin tiet\u00e4\u00e4, mit\u00e4 n\u00e4m\u00e4 odotetut (tai&#8230;<\/p>\n","protected":false},"author":1,"featured_media":0,"parent":0,"menu_order":4,"comment_status":"closed","ping_status":"closed","template":"","meta":{"_kadence_starter_templates_imported_post":false,"_kad_post_transparent":"","_kad_post_title":"","_kad_post_layout":"","_kad_post_sidebar_id":"","_kad_post_content_style":"","_kad_post_vertical_padding":"","_kad_post_feature":"","_kad_post_feature_position":"","_kad_post_header":false,"_kad_post_footer":false,"_kad_post_classname":"","iawp_total_views":259,"footnotes":""},"class_list":["post-760","page","type-page","status-publish","hentry"],"yoast_head":"<!-- This site is optimized with the Yoast SEO plugin v27.3 - https:\/\/yoast.com\/product\/yoast-seo-wordpress\/ -->\n<title>Sis\u00e4piiri - Tapahtumatehdas Vakava<\/title>\n<meta name=\"description\" content=\"Lataa ilmainen opas ja liity Vakavan s\u00e4hk\u00f6postilistalle. &quot;Ainoa meili, jota odotan!!!&quot; Yritystapahtumat \u2013 syv\u00e4analysoituina!\" \/>\n<meta name=\"robots\" content=\"index, follow, max-snippet:-1, max-image-preview:large, max-video-preview:-1\" \/>\n<link rel=\"canonical\" href=\"https:\/\/www.tapahtumatehdasvakava.fi\/?page_id=760\" \/>\n<meta property=\"og:locale\" content=\"fi_FI\" \/>\n<meta property=\"og:type\" content=\"article\" \/>\n<meta property=\"og:title\" content=\"Epic Fail!\" \/>\n<meta property=\"og:description\" content=\"Tilaa opas ja liity s\u00e4hk\u00f6postilistalle. &quot;Ainoa meili, jota odotan!!!&quot;\" \/>\n<meta property=\"og:url\" content=\"https:\/\/www.tapahtumatehdasvakava.fi\/?page_id=760\" \/>\n<meta property=\"og:site_name\" content=\"Tapahtumatehdas Vakava\" \/>\n<meta property=\"article:publisher\" content=\"https:\/\/www.facebook.com\/profile.php?id=61559919908215\" \/>\n<meta property=\"article:modified_time\" content=\"2025-06-06T11:25:06+00:00\" \/>\n<meta property=\"og:image\" content=\"https:\/\/www.tapahtumatehdasvakava.fi\/wp-content\/uploads\/2024\/05\/cropped-Nimeton-malli1.jpg\" \/>\n\t<meta property=\"og:image:width\" content=\"512\" \/>\n\t<meta property=\"og:image:height\" content=\"512\" \/>\n\t<meta property=\"og:image:type\" content=\"image\/jpeg\" \/>\n<meta name=\"twitter:card\" content=\"summary_large_image\" \/>\n<meta name=\"twitter:label1\" content=\"Arvioitu lukuaika\" \/>\n\t<meta name=\"twitter:data1\" content=\"1 minuutti\" \/>\n<script type=\"application\/ld+json\" class=\"yoast-schema-graph\">{\"@context\":\"https:\\\/\\\/schema.org\",\"@graph\":[{\"@type\":\"WebPage\",\"@id\":\"https:\\\/\\\/www.tapahtumatehdasvakava.fi\\\/?page_id=760\",\"url\":\"https:\\\/\\\/www.tapahtumatehdasvakava.fi\\\/?page_id=760\",\"name\":\"Sis\u00e4piiri - Tapahtumatehdas Vakava\",\"isPartOf\":{\"@id\":\"https:\\\/\\\/www.tapahtumatehdasvakava.fi\\\/#website\"},\"datePublished\":\"2024-06-26T13:53:35+00:00\",\"dateModified\":\"2025-06-06T11:25:06+00:00\",\"description\":\"Lataa ilmainen opas ja liity Vakavan s\u00e4hk\u00f6postilistalle. \\\"Ainoa meili, jota odotan!!!\\\" Yritystapahtumat \u2013 syv\u00e4analysoituina!\",\"breadcrumb\":{\"@id\":\"https:\\\/\\\/www.tapahtumatehdasvakava.fi\\\/?page_id=760#breadcrumb\"},\"inLanguage\":\"fi\",\"potentialAction\":[{\"@type\":\"ReadAction\",\"target\":[\"https:\\\/\\\/www.tapahtumatehdasvakava.fi\\\/?page_id=760\"]}]},{\"@type\":\"BreadcrumbList\",\"@id\":\"https:\\\/\\\/www.tapahtumatehdasvakava.fi\\\/?page_id=760#breadcrumb\",\"itemListElement\":[{\"@type\":\"ListItem\",\"position\":1,\"name\":\"Etusivu\",\"item\":\"https:\\\/\\\/www.tapahtumatehdasvakava.fi\\\/\"},{\"@type\":\"ListItem\",\"position\":2,\"name\":\"Sis\u00e4piiri\"}]},{\"@type\":\"WebSite\",\"@id\":\"https:\\\/\\\/www.tapahtumatehdasvakava.fi\\\/#website\",\"url\":\"https:\\\/\\\/www.tapahtumatehdasvakava.fi\\\/\",\"name\":\"Tapahtumatehdas Vakava\",\"description\":\"Yritystapahtumat H&ouml;gforsin ruukkialueella Karkkilassa\",\"publisher\":{\"@id\":\"https:\\\/\\\/www.tapahtumatehdasvakava.fi\\\/#organization\"},\"potentialAction\":[{\"@type\":\"SearchAction\",\"target\":{\"@type\":\"EntryPoint\",\"urlTemplate\":\"https:\\\/\\\/www.tapahtumatehdasvakava.fi\\\/?s={search_term_string}\"},\"query-input\":{\"@type\":\"PropertyValueSpecification\",\"valueRequired\":true,\"valueName\":\"search_term_string\"}}],\"inLanguage\":\"fi\"},{\"@type\":\"Organization\",\"@id\":\"https:\\\/\\\/www.tapahtumatehdasvakava.fi\\\/#organization\",\"name\":\"Tapahtumatehdas Vakava\",\"url\":\"https:\\\/\\\/www.tapahtumatehdasvakava.fi\\\/\",\"logo\":{\"@type\":\"ImageObject\",\"inLanguage\":\"fi\",\"@id\":\"https:\\\/\\\/www.tapahtumatehdasvakava.fi\\\/#\\\/schema\\\/logo\\\/image\\\/\",\"url\":\"https:\\\/\\\/www.tapahtumatehdasvakava.fi\\\/wp-content\\\/uploads\\\/2024\\\/04\\\/Vakava-big-blk@2x.png\",\"contentUrl\":\"https:\\\/\\\/www.tapahtumatehdasvakava.fi\\\/wp-content\\\/uploads\\\/2024\\\/04\\\/Vakava-big-blk@2x.png\",\"width\":1090,\"height\":316,\"caption\":\"Tapahtumatehdas Vakava\"},\"image\":{\"@id\":\"https:\\\/\\\/www.tapahtumatehdasvakava.fi\\\/#\\\/schema\\\/logo\\\/image\\\/\"},\"sameAs\":[\"https:\\\/\\\/www.facebook.com\\\/profile.php?id=61559919908215\",\"https:\\\/\\\/www.instagram.com\\\/tapahtumatehdas_vakava\\\/\",\"https:\\\/\\\/www.linkedin.com\\\/company\\\/102408225\"]}]}<\/script>\n<!-- \/ Yoast SEO plugin. -->","yoast_head_json":{"title":"Sis\u00e4piiri - Tapahtumatehdas Vakava","description":"Lataa ilmainen opas ja liity Vakavan s\u00e4hk\u00f6postilistalle. \"Ainoa meili, jota odotan!!!\" Yritystapahtumat \u2013 syv\u00e4analysoituina!","robots":{"index":"index","follow":"follow","max-snippet":"max-snippet:-1","max-image-preview":"max-image-preview:large","max-video-preview":"max-video-preview:-1"},"canonical":"https:\/\/www.tapahtumatehdasvakava.fi\/?page_id=760","og_locale":"fi_FI","og_type":"article","og_title":"Epic Fail!","og_description":"Tilaa opas ja liity s\u00e4hk\u00f6postilistalle. \"Ainoa meili, jota odotan!!!\"","og_url":"https:\/\/www.tapahtumatehdasvakava.fi\/?page_id=760","og_site_name":"Tapahtumatehdas Vakava","article_publisher":"https:\/\/www.facebook.com\/profile.php?id=61559919908215","article_modified_time":"2025-06-06T11:25:06+00:00","og_image":[{"width":512,"height":512,"url":"https:\/\/www.tapahtumatehdasvakava.fi\/wp-content\/uploads\/2024\/05\/cropped-Nimeton-malli1.jpg","type":"image\/jpeg"}],"twitter_card":"summary_large_image","twitter_misc":{"Arvioitu lukuaika":"1 minuutti"},"schema":{"@context":"https:\/\/schema.org","@graph":[{"@type":"WebPage","@id":"https:\/\/www.tapahtumatehdasvakava.fi\/?page_id=760","url":"https:\/\/www.tapahtumatehdasvakava.fi\/?page_id=760","name":"Sis\u00e4piiri - Tapahtumatehdas Vakava","isPartOf":{"@id":"https:\/\/www.tapahtumatehdasvakava.fi\/#website"},"datePublished":"2024-06-26T13:53:35+00:00","dateModified":"2025-06-06T11:25:06+00:00","description":"Lataa ilmainen opas ja liity Vakavan s\u00e4hk\u00f6postilistalle. \"Ainoa meili, jota odotan!!!\" Yritystapahtumat \u2013 syv\u00e4analysoituina!","breadcrumb":{"@id":"https:\/\/www.tapahtumatehdasvakava.fi\/?page_id=760#breadcrumb"},"inLanguage":"fi","potentialAction":[{"@type":"ReadAction","target":["https:\/\/www.tapahtumatehdasvakava.fi\/?page_id=760"]}]},{"@type":"BreadcrumbList","@id":"https:\/\/www.tapahtumatehdasvakava.fi\/?page_id=760#breadcrumb","itemListElement":[{"@type":"ListItem","position":1,"name":"Etusivu","item":"https:\/\/www.tapahtumatehdasvakava.fi\/"},{"@type":"ListItem","position":2,"name":"Sis\u00e4piiri"}]},{"@type":"WebSite","@id":"https:\/\/www.tapahtumatehdasvakava.fi\/#website","url":"https:\/\/www.tapahtumatehdasvakava.fi\/","name":"Tapahtumatehdas Vakava","description":"Yritystapahtumat H&ouml;gforsin ruukkialueella Karkkilassa","publisher":{"@id":"https:\/\/www.tapahtumatehdasvakava.fi\/#organization"},"potentialAction":[{"@type":"SearchAction","target":{"@type":"EntryPoint","urlTemplate":"https:\/\/www.tapahtumatehdasvakava.fi\/?s={search_term_string}"},"query-input":{"@type":"PropertyValueSpecification","valueRequired":true,"valueName":"search_term_string"}}],"inLanguage":"fi"},{"@type":"Organization","@id":"https:\/\/www.tapahtumatehdasvakava.fi\/#organization","name":"Tapahtumatehdas Vakava","url":"https:\/\/www.tapahtumatehdasvakava.fi\/","logo":{"@type":"ImageObject","inLanguage":"fi","@id":"https:\/\/www.tapahtumatehdasvakava.fi\/#\/schema\/logo\/image\/","url":"https:\/\/www.tapahtumatehdasvakava.fi\/wp-content\/uploads\/2024\/04\/Vakava-big-blk@2x.png","contentUrl":"https:\/\/www.tapahtumatehdasvakava.fi\/wp-content\/uploads\/2024\/04\/Vakava-big-blk@2x.png","width":1090,"height":316,"caption":"Tapahtumatehdas Vakava"},"image":{"@id":"https:\/\/www.tapahtumatehdasvakava.fi\/#\/schema\/logo\/image\/"},"sameAs":["https:\/\/www.facebook.com\/profile.php?id=61559919908215","https:\/\/www.instagram.com\/tapahtumatehdas_vakava\/","https:\/\/www.linkedin.com\/company\/102408225"]}]}},"_links":{"self":[{"href":"https:\/\/www.tapahtumatehdasvakava.fi\/index.php?rest_route=\/wp\/v2\/pages\/760","targetHints":{"allow":["GET"]}}],"collection":[{"href":"https:\/\/www.tapahtumatehdasvakava.fi\/index.php?rest_route=\/wp\/v2\/pages"}],"about":[{"href":"https:\/\/www.tapahtumatehdasvakava.fi\/index.php?rest_route=\/wp\/v2\/types\/page"}],"author":[{"embeddable":true,"href":"https:\/\/www.tapahtumatehdasvakava.fi\/index.php?rest_route=\/wp\/v2\/users\/1"}],"replies":[{"embeddable":true,"href":"https:\/\/www.tapahtumatehdasvakava.fi\/index.php?rest_route=%2Fwp%2Fv2%2Fcomments&post=760"}],"version-history":[{"count":29,"href":"https:\/\/www.tapahtumatehdasvakava.fi\/index.php?rest_route=\/wp\/v2\/pages\/760\/revisions"}],"predecessor-version":[{"id":1221,"href":"https:\/\/www.tapahtumatehdasvakava.fi\/index.php?rest_route=\/wp\/v2\/pages\/760\/revisions\/1221"}],"wp:attachment":[{"href":"https:\/\/www.tapahtumatehdasvakava.fi\/index.php?rest_route=%2Fwp%2Fv2%2Fmedia&parent=760"}],"curies":[{"name":"wp","href":"https:\/\/api.w.org\/{rel}","templated":true}]}}