{"id":3,"date":"2024-04-19T13:32:41","date_gmt":"2024-04-19T13:32:41","guid":{"rendered":"http:\/\/www.tapahtumatehdasvakava.fi\/?page_id=3"},"modified":"2024-07-04T14:55:13","modified_gmt":"2024-07-04T11:55:13","slug":"privacy-policy","status":"publish","type":"page","link":"https:\/\/www.tapahtumatehdasvakava.fi\/?page_id=3","title":{"rendered":"Tietosuoja"},"content":{"rendered":"\n<h2 class=\"wp-block-heading\">rekisterinpit\u00e4j\u00e4<\/h2>\n\n\n\n<p><strong class=\"privacy-policy-tutorial\">Yritys:<\/strong> mes &amp; mis oy (y: 3440221-9).<\/p>\n\n\n\n<p>Postiosoite: Valurinkatu 2 D 12, 03600 Karkkila<\/p>\n\n\n\n<p>Rekisterist\u00e4 vastaava yhteyshenkil\u00f6: Hanna Salmisto, info@tapahtumatehdasvakava.fi, 045 783 91901<\/p>\n\n\n\n<h2 class=\"wp-block-heading\">Henkil\u00f6tietojen k\u00e4ytt\u00f6tarkoitus<\/h2>\n\n\n\n<p>Rekisterin pit\u00e4misen peruste: henkil\u00f6tietoja k\u00e4sitell\u00e4\u00e4n suostumuksen perusteella.<\/p>\n\n\n\n<p>Henkil\u00f6tietojen k\u00e4sittelyn tarkoitus: yhteydenpito, asiakassuhteen hoitaminen, palveluista kertominen.<\/p>\n\n\n\n<p>Emme k\u00e4yt\u00e4 tietoja automaattiseen p\u00e4\u00e4t\u00f6ksentekoon tai profilointiin.<\/p>\n\n\n\n<h2 class=\"wp-block-heading\">rekisteriin tallennettavat tiedot<\/h2>\n\n\n\n<p>Henkil\u00f6n nimi, yritys\/organisaatio, yhteystiedot (puhelin, s\u00e4hk\u00f6postiosoite), asiakastiedot (ostetut palvelut\/tuotteet, ladatut tiedostot, laskutustiedot), muut henkil\u00f6n itse antamat tiedot (mm. kotisivujen osoite, tarjouspyynt\u00f6).<\/p>\n\n\n\n<h2 class=\"wp-block-heading\">s\u00e4\u00e4nn\u00f6nmukaiset tietoL\u00e4hteet<\/h2>\n\n\n\n<p>Rekister\u00f6it\u00e4vi\u00e4 tietoja ker\u00e4t\u00e4\u00e4n:<\/p>\n\n\n\n<p>Yhteydenottolomake kotisivuilla ja\/tai myyntisivuilla.<\/p>\n\n\n\n<p>Asiakkaalta itselt\u00e4\u00e4n asiakassuhteen syntyess\u00e4 (esim. s\u00e4hk\u00f6posti, puhelu, sosiaalisen median kanava, tapaaminen).<\/p>\n\n\n\n<h2 class=\"wp-block-heading\">s\u00e4\u00e4nn\u00f6nmukaiset tietojen luovutukset<\/h2>\n\n\n\n<p>Tietoja ei luovuteta s\u00e4\u00e4nn\u00f6nmukaisesti muille tahoille. Henkil\u00f6tietoja ei siirret\u00e4 EU:n tai Euroopan talousalueen ulkopuolelle.<\/p>\n\n\n\n<p>K\u00e4yt\u00e4mme s\u00e4\u00e4nn\u00f6nmukaisesti seuraavaa palvelua, johon henkil\u00f6tiedot tallennetaan heid\u00e4n tietosuoja-asetuksensa mukaan:<\/p>\n\n\n\n<p>MailerLite<\/p>\n\n\n\n<p>Holvi<\/p>\n\n\n\n<h2 class=\"wp-block-heading\">k\u00e4sittelyn kesto<\/h2>\n\n\n\n<p>Rekister\u00f6ity voi poistua markkinointilistaltamme jokaisen l\u00e4hett\u00e4m\u00e4ss\u00e4mme markkinointis\u00e4hk\u00f6postissa olevan linkin kautta. Rekister\u00f6ity voi pyyt\u00e4\u00e4 henkil\u00f6tietojensa poistamista milloin vaan.<\/p>\n\n\n\n<p>Asiakkaiden laskutustiedot s\u00e4ilytet\u00e4\u00e4n v\u00e4hint\u00e4\u00e4n kirjanpitolaissa m\u00e4\u00e4r\u00e4tyn 10 vuoden ajan.<\/p>\n\n\n\n<h2 class=\"wp-block-heading\">henkil\u00f6tietojen k\u00e4sittelij\u00e4t<\/h2>\n\n\n\n<p>Rekisteri\u00e4 k\u00e4sittelev\u00e4t yrityksen mes &amp; mis oy (Tapahtumatehdas Vakava) ty\u00f6ntekij\u00e4t. Yrityksen ulkopuolinen kirjanpit\u00e4j\u00e4 k\u00e4sittelee laskutettavien asiakkaiden tietoja niilt\u00e4 osin kuin se on tarpeellista.<\/p>\n\n\n\n<p>Voimme my\u00f6s ulkoistaa henkil\u00f6tietojen k\u00e4sittelyn osittain kolmannelle osapuolelle, jolloin takaamme sopimusj\u00e4rjestelyin, ett\u00e4 henkil\u00f6tietoja k\u00e4sitell\u00e4\u00e4n voimassa olevan tietosuojalains\u00e4\u00e4d\u00e4nn\u00f6n mukaisesti ja muutoin asianmukaisesti.<\/p>\n\n\n\n<h2 class=\"wp-block-heading\">rekister\u00f6idyn oikeudet<\/h2>\n\n\n\n<p><strong>Tarkastusoikeus&nbsp;<\/strong><\/p>\n\n\n\n<p>Rekister\u00f6idyll\u00e4 on oikeus tarkistaa tallentamamme henkil\u00f6tiedot.\u00a0\u00a0<\/p>\n\n\n\n<p><strong>Oikeus tietojen oikaisemiseen<\/strong><\/p>\n\n\n\n<p>Rekister\u00f6ity voi pyyt\u00e4\u00e4 oikaisemaan h\u00e4nt\u00e4 koskevat virheelliset tai puutteelliset tiedot.<\/p>\n\n\n\n<p><strong>Vastustamisoikeus<\/strong>&nbsp;<\/p>\n\n\n\n<p>Rekister\u00f6ity voi vastustaa henkil\u00f6tietojen k\u00e4sittely\u00e4, mik\u00e4li kokee, ett\u00e4 henkil\u00f6tietoja on k\u00e4sitelty lainvastaisesti.&nbsp;&nbsp;<\/p>\n\n\n\n<p><strong>Suoramarkkinointikielto<\/strong>&nbsp;<\/p>\n\n\n\n<p>Rekister\u00f6idyll\u00e4 on oikeus kielt\u00e4\u00e4 tietojen k\u00e4ytt\u00e4minen suoramarkkinointiin.&nbsp;<\/p>\n\n\n\n<p><strong>Poisto-oikeus&nbsp;<\/strong><\/p>\n\n\n\n<p>Rekister\u00f6idyll\u00e4 on oikeus pyyt\u00e4\u00e4 tietojen poistamista, jos tietojen k\u00e4sittely ei ole tarpeen. K\u00e4sittelemme poistopyynn\u00f6n, jonka j\u00e4lkeen joko poistamme tiedot tai ilmoitamme perustellun syyn, miksi tietoja ei voida poistaa.&nbsp;&nbsp;<\/p>\n\n\n\n<p>Kirjanpitoon liittyv\u00e4\u00e4 aineistoa ei voida poistaa ennen 10 vuoden m\u00e4\u00e4r\u00e4ajan umpeutumista.<\/p>\n\n\n\n<p><strong>Suostumuksen peruuttaminen<\/strong><\/p>\n\n\n\n<p>Jos rekister\u00f6ity\u00e4 koskeva henkil\u00f6tietojen k\u00e4sittely perustuu ainoastaan suostumukseen, eik\u00e4 esim. asiakkuuteen tai j\u00e4senyyteen, voi rekister\u00f6ity peruuttaa suostumuksen.<\/p>\n\n\n\n<p><strong>Rekister\u00f6ity voi valittaa p\u00e4\u00e4t\u00f6ksest\u00e4 tietosuojavaltuutetulle<\/strong>&nbsp;<\/p>\n\n\n\n<p>Rekister\u00f6idyll\u00e4 on oikeus vaatia, ett\u00e4 rajoitamme kiistanalaisten tietojen k\u00e4sittely\u00e4 siksi aikaa, kunnes asia saadaan ratkaistua.&nbsp;<\/p>\n\n\n\n<p><strong>Valitusoikeus&nbsp;<\/strong><\/p>\n\n\n\n<p>Rekister\u00f6idyll\u00e4 on oikeus tehd\u00e4 valitus tietosuojavaltuutetulle kantelu, jos h\u00e4n kokee, ett\u00e4 rikomme henkil\u00f6tietoja k\u00e4sitelless\u00e4mme voimassa olevaa tietosuojalains\u00e4\u00e4d\u00e4nt\u00f6\u00e4.\u00a0Tietosuojavaltuutetun yhteystiedot:\u00a0 <a href=\"http:\/\/www.tietosuoja.fi\/fi\/index\/yhteystiedot.html\">www.tietosuoja.fi\/fi\/index\/yhteystiedot.html<\/a><\/p>\n","protected":false},"excerpt":{"rendered":"<p>rekisterinpit\u00e4j\u00e4 Yritys: mes &amp; mis oy (y: 3440221-9). Postiosoite: Valurinkatu 2 D 12, 03600 Karkkila Rekisterist\u00e4 vastaava yhteyshenkil\u00f6: Hanna Salmisto, info@tapahtumatehdasvakava.fi, 045 783 91901 Henkil\u00f6tietojen k\u00e4ytt\u00f6tarkoitus Rekisterin pit\u00e4misen peruste: henkil\u00f6tietoja&#8230;<\/p>\n","protected":false},"author":1,"featured_media":0,"parent":0,"menu_order":6,"comment_status":"closed","ping_status":"closed","template":"","meta":{"_kadence_starter_templates_imported_post":false,"_kad_post_transparent":"","_kad_post_title":"","_kad_post_layout":"","_kad_post_sidebar_id":"","_kad_post_content_style":"","_kad_post_vertical_padding":"","_kad_post_feature":"","_kad_post_feature_position":"","_kad_post_header":false,"_kad_post_footer":false,"_kad_post_classname":"","iawp_total_views":56,"footnotes":""},"class_list":["post-3","page","type-page","status-publish","hentry"],"yoast_head":"<!-- This site is optimized with the Yoast SEO plugin v27.4 - https:\/\/yoast.com\/product\/yoast-seo-wordpress\/ -->\n<title>Tietosuoja - Tapahtumatehdas Vakava<\/title>\n<meta name=\"description\" content=\"Huolehdimme yhteystietojesi turvallisesta k\u00e4sittelyst\u00e4.\" \/>\n<meta name=\"robots\" content=\"index, follow, max-snippet:-1, max-image-preview:large, max-video-preview:-1\" \/>\n<link rel=\"canonical\" href=\"https:\/\/www.tapahtumatehdasvakava.fi\/?page_id=3\" \/>\n<meta property=\"og:locale\" content=\"fi_FI\" \/>\n<meta property=\"og:type\" content=\"article\" \/>\n<meta property=\"og:title\" content=\"Tietosuoja - Tapahtumatehdas Vakava\" \/>\n<meta property=\"og:description\" content=\"Huolehdimme yhteystietojesi turvallisesta k\u00e4sittelyst\u00e4.\" \/>\n<meta property=\"og:url\" content=\"https:\/\/www.tapahtumatehdasvakava.fi\/?page_id=3\" \/>\n<meta property=\"og:site_name\" content=\"Tapahtumatehdas Vakava\" \/>\n<meta property=\"article:publisher\" content=\"https:\/\/www.facebook.com\/profile.php?id=61559919908215\" \/>\n<meta property=\"article:modified_time\" content=\"2024-07-04T11:55:13+00:00\" \/>\n<meta name=\"twitter:card\" content=\"summary_large_image\" \/>\n<meta name=\"twitter:label1\" content=\"Arvioitu lukuaika\" \/>\n\t<meta name=\"twitter:data1\" content=\"3 minuuttia\" \/>\n<script type=\"application\/ld+json\" class=\"yoast-schema-graph\">{\"@context\":\"https:\\\/\\\/schema.org\",\"@graph\":[{\"@type\":\"WebPage\",\"@id\":\"https:\\\/\\\/www.tapahtumatehdasvakava.fi\\\/?page_id=3\",\"url\":\"https:\\\/\\\/www.tapahtumatehdasvakava.fi\\\/?page_id=3\",\"name\":\"Tietosuoja - Tapahtumatehdas Vakava\",\"isPartOf\":{\"@id\":\"https:\\\/\\\/www.tapahtumatehdasvakava.fi\\\/#website\"},\"datePublished\":\"2024-04-19T13:32:41+00:00\",\"dateModified\":\"2024-07-04T11:55:13+00:00\",\"description\":\"Huolehdimme yhteystietojesi turvallisesta k\u00e4sittelyst\u00e4.\",\"breadcrumb\":{\"@id\":\"https:\\\/\\\/www.tapahtumatehdasvakava.fi\\\/?page_id=3#breadcrumb\"},\"inLanguage\":\"fi\",\"potentialAction\":[{\"@type\":\"ReadAction\",\"target\":[\"https:\\\/\\\/www.tapahtumatehdasvakava.fi\\\/?page_id=3\"]}]},{\"@type\":\"BreadcrumbList\",\"@id\":\"https:\\\/\\\/www.tapahtumatehdasvakava.fi\\\/?page_id=3#breadcrumb\",\"itemListElement\":[{\"@type\":\"ListItem\",\"position\":1,\"name\":\"Etusivu\",\"item\":\"https:\\\/\\\/www.tapahtumatehdasvakava.fi\\\/\"},{\"@type\":\"ListItem\",\"position\":2,\"name\":\"Tietosuoja\"}]},{\"@type\":\"WebSite\",\"@id\":\"https:\\\/\\\/www.tapahtumatehdasvakava.fi\\\/#website\",\"url\":\"https:\\\/\\\/www.tapahtumatehdasvakava.fi\\\/\",\"name\":\"Tapahtumatehdas Vakava\",\"description\":\"Yritystapahtumat H&ouml;gforsin ruukkialueella Karkkilassa\",\"publisher\":{\"@id\":\"https:\\\/\\\/www.tapahtumatehdasvakava.fi\\\/#organization\"},\"potentialAction\":[{\"@type\":\"SearchAction\",\"target\":{\"@type\":\"EntryPoint\",\"urlTemplate\":\"https:\\\/\\\/www.tapahtumatehdasvakava.fi\\\/?s={search_term_string}\"},\"query-input\":{\"@type\":\"PropertyValueSpecification\",\"valueRequired\":true,\"valueName\":\"search_term_string\"}}],\"inLanguage\":\"fi\"},{\"@type\":\"Organization\",\"@id\":\"https:\\\/\\\/www.tapahtumatehdasvakava.fi\\\/#organization\",\"name\":\"Tapahtumatehdas Vakava\",\"url\":\"https:\\\/\\\/www.tapahtumatehdasvakava.fi\\\/\",\"logo\":{\"@type\":\"ImageObject\",\"inLanguage\":\"fi\",\"@id\":\"https:\\\/\\\/www.tapahtumatehdasvakava.fi\\\/#\\\/schema\\\/logo\\\/image\\\/\",\"url\":\"https:\\\/\\\/www.tapahtumatehdasvakava.fi\\\/wp-content\\\/uploads\\\/2024\\\/04\\\/Vakava-big-blk@2x.png\",\"contentUrl\":\"https:\\\/\\\/www.tapahtumatehdasvakava.fi\\\/wp-content\\\/uploads\\\/2024\\\/04\\\/Vakava-big-blk@2x.png\",\"width\":1090,\"height\":316,\"caption\":\"Tapahtumatehdas Vakava\"},\"image\":{\"@id\":\"https:\\\/\\\/www.tapahtumatehdasvakava.fi\\\/#\\\/schema\\\/logo\\\/image\\\/\"},\"sameAs\":[\"https:\\\/\\\/www.facebook.com\\\/profile.php?id=61559919908215\",\"https:\\\/\\\/www.instagram.com\\\/tapahtumatehdas_vakava\\\/\",\"https:\\\/\\\/www.linkedin.com\\\/company\\\/102408225\"]}]}<\/script>\n<!-- \/ Yoast SEO plugin. -->","yoast_head_json":{"title":"Tietosuoja - Tapahtumatehdas Vakava","description":"Huolehdimme yhteystietojesi turvallisesta k\u00e4sittelyst\u00e4.","robots":{"index":"index","follow":"follow","max-snippet":"max-snippet:-1","max-image-preview":"max-image-preview:large","max-video-preview":"max-video-preview:-1"},"canonical":"https:\/\/www.tapahtumatehdasvakava.fi\/?page_id=3","og_locale":"fi_FI","og_type":"article","og_title":"Tietosuoja - Tapahtumatehdas Vakava","og_description":"Huolehdimme yhteystietojesi turvallisesta k\u00e4sittelyst\u00e4.","og_url":"https:\/\/www.tapahtumatehdasvakava.fi\/?page_id=3","og_site_name":"Tapahtumatehdas Vakava","article_publisher":"https:\/\/www.facebook.com\/profile.php?id=61559919908215","article_modified_time":"2024-07-04T11:55:13+00:00","twitter_card":"summary_large_image","twitter_misc":{"Arvioitu lukuaika":"3 minuuttia"},"schema":{"@context":"https:\/\/schema.org","@graph":[{"@type":"WebPage","@id":"https:\/\/www.tapahtumatehdasvakava.fi\/?page_id=3","url":"https:\/\/www.tapahtumatehdasvakava.fi\/?page_id=3","name":"Tietosuoja - Tapahtumatehdas Vakava","isPartOf":{"@id":"https:\/\/www.tapahtumatehdasvakava.fi\/#website"},"datePublished":"2024-04-19T13:32:41+00:00","dateModified":"2024-07-04T11:55:13+00:00","description":"Huolehdimme yhteystietojesi turvallisesta k\u00e4sittelyst\u00e4.","breadcrumb":{"@id":"https:\/\/www.tapahtumatehdasvakava.fi\/?page_id=3#breadcrumb"},"inLanguage":"fi","potentialAction":[{"@type":"ReadAction","target":["https:\/\/www.tapahtumatehdasvakava.fi\/?page_id=3"]}]},{"@type":"BreadcrumbList","@id":"https:\/\/www.tapahtumatehdasvakava.fi\/?page_id=3#breadcrumb","itemListElement":[{"@type":"ListItem","position":1,"name":"Etusivu","item":"https:\/\/www.tapahtumatehdasvakava.fi\/"},{"@type":"ListItem","position":2,"name":"Tietosuoja"}]},{"@type":"WebSite","@id":"https:\/\/www.tapahtumatehdasvakava.fi\/#website","url":"https:\/\/www.tapahtumatehdasvakava.fi\/","name":"Tapahtumatehdas Vakava","description":"Yritystapahtumat H&ouml;gforsin ruukkialueella Karkkilassa","publisher":{"@id":"https:\/\/www.tapahtumatehdasvakava.fi\/#organization"},"potentialAction":[{"@type":"SearchAction","target":{"@type":"EntryPoint","urlTemplate":"https:\/\/www.tapahtumatehdasvakava.fi\/?s={search_term_string}"},"query-input":{"@type":"PropertyValueSpecification","valueRequired":true,"valueName":"search_term_string"}}],"inLanguage":"fi"},{"@type":"Organization","@id":"https:\/\/www.tapahtumatehdasvakava.fi\/#organization","name":"Tapahtumatehdas Vakava","url":"https:\/\/www.tapahtumatehdasvakava.fi\/","logo":{"@type":"ImageObject","inLanguage":"fi","@id":"https:\/\/www.tapahtumatehdasvakava.fi\/#\/schema\/logo\/image\/","url":"https:\/\/www.tapahtumatehdasvakava.fi\/wp-content\/uploads\/2024\/04\/Vakava-big-blk@2x.png","contentUrl":"https:\/\/www.tapahtumatehdasvakava.fi\/wp-content\/uploads\/2024\/04\/Vakava-big-blk@2x.png","width":1090,"height":316,"caption":"Tapahtumatehdas Vakava"},"image":{"@id":"https:\/\/www.tapahtumatehdasvakava.fi\/#\/schema\/logo\/image\/"},"sameAs":["https:\/\/www.facebook.com\/profile.php?id=61559919908215","https:\/\/www.instagram.com\/tapahtumatehdas_vakava\/","https:\/\/www.linkedin.com\/company\/102408225"]}]}},"_links":{"self":[{"href":"https:\/\/www.tapahtumatehdasvakava.fi\/index.php?rest_route=\/wp\/v2\/pages\/3","targetHints":{"allow":["GET"]}}],"collection":[{"href":"https:\/\/www.tapahtumatehdasvakava.fi\/index.php?rest_route=\/wp\/v2\/pages"}],"about":[{"href":"https:\/\/www.tapahtumatehdasvakava.fi\/index.php?rest_route=\/wp\/v2\/types\/page"}],"author":[{"embeddable":true,"href":"https:\/\/www.tapahtumatehdasvakava.fi\/index.php?rest_route=\/wp\/v2\/users\/1"}],"replies":[{"embeddable":true,"href":"https:\/\/www.tapahtumatehdasvakava.fi\/index.php?rest_route=%2Fwp%2Fv2%2Fcomments&post=3"}],"version-history":[{"count":4,"href":"https:\/\/www.tapahtumatehdasvakava.fi\/index.php?rest_route=\/wp\/v2\/pages\/3\/revisions"}],"predecessor-version":[{"id":513,"href":"https:\/\/www.tapahtumatehdasvakava.fi\/index.php?rest_route=\/wp\/v2\/pages\/3\/revisions\/513"}],"wp:attachment":[{"href":"https:\/\/www.tapahtumatehdasvakava.fi\/index.php?rest_route=%2Fwp%2Fv2%2Fmedia&parent=3"}],"curies":[{"name":"wp","href":"https:\/\/api.w.org\/{rel}","templated":true}]}}